{"id":797,"date":"2015-02-05T13:23:05","date_gmt":"2015-02-05T12:23:05","guid":{"rendered":"http:\/\/fucina62.noblogs.org\/?page_id=797"},"modified":"2016-01-06T14:07:35","modified_gmt":"2016-01-06T13:07:35","slug":"crocicchio","status":"publish","type":"page","link":"https:\/\/fucina62.noblogs.org\/?page_id=797","title":{"rendered":"Gruppo di acquisto solidale"},"content":{"rendered":"<h3 style=\"text-align: justify\"><a href=\"https:\/\/fucina62.noblogs.org\/?attachment_id=885\" rel=\"attachment wp-att-885\"><img loading=\"lazy\" decoding=\"async\" class=\"wp-image-885 size-large\" src=\"https:\/\/fucina62.noblogs.org\/files\/2015\/02\/dallasfalto-300x300.jpg\" alt=\"dall'asfalto\" width=\"300\" height=\"300\" srcset=\"https:\/\/fucina62.noblogs.org\/files\/2015\/02\/dallasfalto-300x300.jpg 300w, https:\/\/fucina62.noblogs.org\/files\/2015\/02\/dallasfalto-350x350.jpg 350w, https:\/\/fucina62.noblogs.org\/files\/2015\/02\/dallasfalto.jpg 500w\" sizes=\"auto, (max-width: 300px) 100vw, 300px\" \/><\/a>Chi siamo?<\/h3>\n<h3 style=\"text-align: justify\">Non siamo meri acquirenti, compratori passivi che lasciano scegliere al mercato cosa, come e dove consumare. Siamo uomini e donne che hanno deciso di costruire un progetto di vita altra che, a partire dalla scelta del cibo che consumano, vogliono generare relazioni non fondate sul profitto, ma sul rispetto della vita umana e della terra che ci ospita. Chi aderisce al gas non \u00e8 un fruitore di una dinamica di compravendita, ma organizzatore attivo di un meccanismo collettivo di cambiamento, che pu\u00f2 funzionare solo ed esclusivamente con l&#8217;abbando della delega e l&#8217;assunzione di responsabilit\u00e0.<\/h3>\n<h3 style=\"text-align: justify\">La responsabilit\u00e0 nel generare una forma di autorganizzazione che sappia sottrarre forza al capitale e la sappia reimmettere nella costruzione di comunit\u00e0 solidali incompatibili con il sistema economico vigente.<\/h3>\n<h3 style=\"text-align: justify\">Noi preferiamo i tempi lenti delle relazioni sociali alla velocit\u00e0 del capitale. Siamo fermamente convinti che la conoscenza reciproca, fra gli stessi aderenti al gas e fra questi e i produttori e la base di fiducia umana che dalla conoscenza si genera, siano l&#8217;unico metodo e l&#8217;unica garanzia possibile di controllo non solo del prodotto acquistato, ma anche e soprattutto delle dinamiche produttive che lo hanno generato.<\/h3>\n<h3 style=\"text-align: justify\">Questa nostra esperienza vuole costituirsi come un nodo autonomo, territoriale, della rete di piccoli produttori del movimento \u201cGenuino Clandestino\u201d e precipitarne le istanze sociali nel quadrante della metropoli in cui viviamo, attraverso iniziative ed incontri.<\/h3>\n<h3 style=\"text-align: justify\">Per questo non ci sono negozi n\u00e9 negozianti, catene di distribuzione n\u00e9 industrie alimentari e multinazionali, ma piccoli contadini, produttori di genuinit\u00e0 alimentare, umana, sociale e politica.<\/h3>\n<h3 style=\"text-align: justify\">La scelta dei produttori sar\u00e0 regolata da alcuni principi fondamentali che si tenter\u00e0, ove \u00e8 possibile, di rispettare in maniera complessiva.<\/h3>\n<h3 style=\"text-align: justify\">Prediligeremo piccoli produttori che:<\/h3>\n<h3 style=\"text-align: justify\">-rifiutano le politiche di svendita del patrimonio agricolo italiano e la gestione clientelare di assegnazione di terre da parte delle istituzioni. Le quali, a nostro avviso non ne sono proprietarie;<\/h3>\n<h3 style=\"text-align: justify\">\u00a0-non generano meccanismi di sfruttamento e precariet\u00e0 dei lavoratori;<\/h3>\n<h3 style=\"text-align: justify\">-rispettano la terra, i suoi frutti, la sua stagionalit\u00e0, e tutto l&#8217;ecosistema ad essa collegato;<\/h3>\n<h3 style=\"text-align: justify\">-contrastano, col loro agire quotidiano, la costruzione di quel capitalismo green fatto di certificazioni biologiche costosissime a cui i piccoli produttori non hanno accesso.<\/h3>\n<h3 style=\"text-align: justify\">-alternativi, in termini di scopo, alle grandi aziende come la coop ed eataly che si mascherano da responsabili e attenti produttori e che invece utilizzano il profitto come unico metro di misura del loro lavoro.<\/h3>\n<h3 style=\"text-align: justify\">\u00a0In particolare, vogliamo maggiormente rivolgerci a quanti svolgono la loro attivit\u00e0 nella nostra regione, non solo per produrre un minore impatto inquinante del trasporto, ma per rispettare quel principio di relazionalit\u00e0 e fiducia. La vicinanza ci permetter\u00e0 di costruire relazioni costanti e generare quella comunit\u00e0 resistente che vorremmo diventare.<\/h3>\n<h3 style=\"text-align: justify\">Regolazione dell&#8217;ingresso di nuovi aderenti al g.a.s. :<\/h3>\n<h3 style=\"text-align: justify\">ponendo come principi fondamentali ancora una volta reciprocit\u00e0 e fiducia, chi manifester\u00e0 il desiderio di aderire al gas verr\u00e0, per cos\u00ec dire, \u201cadottato\u201d da uno dei gasisti . Questo &#8220;periodo di adozione&#8221; dei richiedenti durer\u00e0 circa 2 mesi e servir\u00e0 a conoscersi, a dare la possibilit\u00e0 a chi ha fatto richiesta di comprendere il meccanismo di funzionamento del gas, di entrare a pieno nelle sue dinamiche organizzative ed autogestionali, e di avere una sorta di &#8220;referente fisso&#8221; a cui chiedere tutte le informazioni necessarie e con cui avere uno scambio diretto e costante prima di entrare a far parte &#8220;formalmente&#8221; del gas.<\/h3>\n<h3 style=\"text-align: justify\"><strong>La distribuzione dei prodotti del gruppo di acquisto avviene tutti i Marted\u00ec dalle ore 18.30<\/strong><\/h3>\n<h3 style=\"text-align: justify\"><\/h3>\n<h3 style=\"text-align: justify\"><\/h3>\n<h3 style=\"text-align: justify\"><\/h3>\n<h3 style=\"text-align: justify\"><\/h3>\n","protected":false},"excerpt":{"rendered":"<p>Chi siamo? Non siamo meri acquirenti, compratori passivi che lasciano scegliere al mercato cosa, come e dove consumare. Siamo uomini e donne che hanno deciso di costruire un progetto di vita altra che, a partire dalla scelta del cibo che consumano, vogliono generare relazioni non fondate sul profitto, ma sul rispetto della vita umana e [&hellip;]<\/p>\n","protected":false},"author":7625,"featured_media":0,"parent":785,"menu_order":5,"comment_status":"closed","ping_status":"closed","template":"","meta":{"footnotes":""},"class_list":["post-797","page","type-page","status-publish","hentry"],"_links":{"self":[{"href":"https:\/\/fucina62.noblogs.org\/index.php?rest_route=\/wp\/v2\/pages\/797","targetHints":{"allow":["GET"]}}],"collection":[{"href":"https:\/\/fucina62.noblogs.org\/index.php?rest_route=\/wp\/v2\/pages"}],"about":[{"href":"https:\/\/fucina62.noblogs.org\/index.php?rest_route=\/wp\/v2\/types\/page"}],"author":[{"embeddable":true,"href":"https:\/\/fucina62.noblogs.org\/index.php?rest_route=\/wp\/v2\/users\/7625"}],"replies":[{"embeddable":true,"href":"https:\/\/fucina62.noblogs.org\/index.php?rest_route=%2Fwp%2Fv2%2Fcomments&post=797"}],"version-history":[{"count":11,"href":"https:\/\/fucina62.noblogs.org\/index.php?rest_route=\/wp\/v2\/pages\/797\/revisions"}],"predecessor-version":[{"id":1326,"href":"https:\/\/fucina62.noblogs.org\/index.php?rest_route=\/wp\/v2\/pages\/797\/revisions\/1326"}],"up":[{"embeddable":true,"href":"https:\/\/fucina62.noblogs.org\/index.php?rest_route=\/wp\/v2\/pages\/785"}],"wp:attachment":[{"href":"https:\/\/fucina62.noblogs.org\/index.php?rest_route=%2Fwp%2Fv2%2Fmedia&parent=797"}],"curies":[{"name":"wp","href":"https:\/\/api.w.org\/{rel}","templated":true}]}}