{"id":787,"date":"2016-01-05T13:18:31","date_gmt":"2016-01-05T12:18:31","guid":{"rendered":"http:\/\/fucina62.noblogs.org\/?page_id=787"},"modified":"2016-01-06T13:59:11","modified_gmt":"2016-01-06T12:59:11","slug":"infoshop","status":"publish","type":"page","link":"https:\/\/fucina62.noblogs.org\/?page_id=787","title":{"rendered":"Infoshop"},"content":{"rendered":"<hr \/>\n<h3 style=\"text-align: justify\"><\/h3>\n<h3 style=\"text-align: justify\">L&#8217;Infoshop nasce con lo scopo di incrementare la circolazione di materiale autoprodotto e libri che aiutino a leggere e stimolino ragionamenti collettivi su ci\u00f2 che oggi accade nel mondo, scosso ad ogni latitudine da fermenti rivoluzionari.<\/h3>\n<h3 style=\"text-align: justify\">L\u2019infoshop \u00e8 organizzato in quattro settori: uno di archivio storico di movimento, un altro di biblioteca comune con testi in consultazione, un terzo dedicato alla vendita dei libri ed infine quello relativo al materiale autoprodotto (documenti, fanzine, magliette e stampe serigrafate, adesivi, opuscoli).<\/h3>\n<h3 style=\"text-align: justify\">L\u2019infoshop non \u00e8 una libreria, cio\u00e8 non \u00e8 un\u2019attivit\u00e0 commerciale.<\/h3>\n<h3 style=\"text-align: justify\">I testi in vendita non servono a incrementare un profitto, ma a far si che ci sia una circolazione il pi\u00f9 varia possibile. Intorno ai testi in distribuzione vogliamo creare e tessere relazioni.\u00a0 Ci sono gi\u00e0 molti siti e blog che fanno circolare idee critiche, controinformando, per\u00f2 tutto ci\u00f2 si svolge su un piano virtuale. L\u2019infoshop al contrario, d\u00e0 delle possibilit\u00e0 reali di incontro, per tessere relazioni ed organizzarsi.<\/h3>\n<h3 style=\"text-align: justify\"><strong>Il progetto Infoshop si incontra tutti i luned\u00ec alle ore 20:00<\/strong><\/h3>\n<p style=\"text-align: justify\"><a href=\"https:\/\/fucina62.noblogs.org\/?attachment_id=965\" rel=\"attachment wp-att-965\"><img loading=\"lazy\" decoding=\"async\" class=\"alignnone size-full wp-image-965\" src=\"https:\/\/fucina62.noblogs.org\/files\/2015\/04\/Schermata-2015-04-18-a-15.06.25.png\" alt=\"\" width=\"626\" height=\"892\" srcset=\"https:\/\/fucina62.noblogs.org\/files\/2015\/04\/Schermata-2015-04-18-a-15.06.25.png 626w, https:\/\/fucina62.noblogs.org\/files\/2015\/04\/Schermata-2015-04-18-a-15.06.25-210x300.png 210w\" sizes=\"auto, (max-width: 626px) 100vw, 626px\" \/><\/a><\/p>\n<h3 style=\"text-align: justify\"><\/h3>\n","protected":false},"excerpt":{"rendered":"<p>L&#8217;Infoshop nasce con lo scopo di incrementare la circolazione di materiale autoprodotto e libri che aiutino a leggere e stimolino ragionamenti collettivi su ci\u00f2 che oggi accade nel mondo, scosso ad ogni latitudine da fermenti rivoluzionari. L\u2019infoshop \u00e8 organizzato in quattro settori: uno di archivio storico di movimento, un altro di biblioteca comune con testi [&hellip;]<\/p>\n","protected":false},"author":7625,"featured_media":0,"parent":785,"menu_order":1,"comment_status":"closed","ping_status":"closed","template":"","meta":{"footnotes":""},"class_list":["post-787","page","type-page","status-publish","hentry"],"_links":{"self":[{"href":"https:\/\/fucina62.noblogs.org\/index.php?rest_route=\/wp\/v2\/pages\/787","targetHints":{"allow":["GET"]}}],"collection":[{"href":"https:\/\/fucina62.noblogs.org\/index.php?rest_route=\/wp\/v2\/pages"}],"about":[{"href":"https:\/\/fucina62.noblogs.org\/index.php?rest_route=\/wp\/v2\/types\/page"}],"author":[{"embeddable":true,"href":"https:\/\/fucina62.noblogs.org\/index.php?rest_route=\/wp\/v2\/users\/7625"}],"replies":[{"embeddable":true,"href":"https:\/\/fucina62.noblogs.org\/index.php?rest_route=%2Fwp%2Fv2%2Fcomments&post=787"}],"version-history":[{"count":8,"href":"https:\/\/fucina62.noblogs.org\/index.php?rest_route=\/wp\/v2\/pages\/787\/revisions"}],"predecessor-version":[{"id":1323,"href":"https:\/\/fucina62.noblogs.org\/index.php?rest_route=\/wp\/v2\/pages\/787\/revisions\/1323"}],"up":[{"embeddable":true,"href":"https:\/\/fucina62.noblogs.org\/index.php?rest_route=\/wp\/v2\/pages\/785"}],"wp:attachment":[{"href":"https:\/\/fucina62.noblogs.org\/index.php?rest_route=%2Fwp%2Fv2%2Fmedia&parent=787"}],"curies":[{"name":"wp","href":"https:\/\/api.w.org\/{rel}","templated":true}]}}