{"id":16,"date":"2016-01-03T16:38:17","date_gmt":"2016-01-03T15:38:17","guid":{"rendered":"http:\/\/fucina62.noblogs.org\/?page_id=16"},"modified":"2016-01-06T14:05:00","modified_gmt":"2016-01-06T13:05:00","slug":"serigrafia","status":"publish","type":"page","link":"https:\/\/fucina62.noblogs.org\/?page_id=16","title":{"rendered":"perch\u00e8 la Grafica&#8230;"},"content":{"rendered":"<hr \/>\n<h3 style=\"text-align: justify\"><\/h3>\n<h3 style=\"text-align: justify\"><span style=\"color: #000000\">All&#8217;interno dell&#8217;Infoshop c&#8217;\u00e8 uno spazio dedicato alla creazione di un&#8217;immaginario, attraverso un laboratorio di grafiche cartacee e serigrafie per magliette. Le immagini realizzate sono visibili, acquistabili o scambiabili nei giorni di apertura della Fucina.<\/span><\/h3>\n<h3 style=\"text-align: justify\"><span style=\"color: #000000\">La narrazione del presente \u00e8 il metodo indispensabile di cui ci dotiamo per dare corpo all\u2019immaginario, quell\u2019insieme di rappresentazioni della realt\u00e0 che attivano catene cognitive, comportamentali, mitopoietiche che possono generarsi al di l\u00e0 dei limiti del linguaggio verbale e delle griglie interpretative culturali ed educative.<\/span><\/h3>\n<h3 style=\"text-align: justify\"><span style=\"color: #000000\">L\u2019immaginario \u00e8 uno strumento immediato e potente perch\u00e9 utilizza gli stimoli e le modalit\u00e0 delle forme di vita che attraversiamo, perdendo ogni possibilit\u00e0 di impressionare quando non ha una storia da narrare. Uno spazio infinito senza centro e ordine se non quello del desiderio e bisogno con cui leggiamo e viviamo il reale; uno spazio infinito di azione reciproca, di proiezione condivisa di mondi.<\/span><\/h3>\n<h3 style=\"text-align: justify\"><span style=\"color: #000000\">La narrazione deve parlare di quale presente stiamo vivendo, deve saper leggere, senza fumo negli occhi, quali sono le tendenze del reale. Per fare questo deve dotarsi di uno strumento in perenne divenire: linguaggio e vocabolari differenti, molteplici, calati nel presente, che sappiano risignificare espressioni, dare valore aggiunto a frasi di altri momenti e coniare, solo se necessario, parole fluide e malleabili.<\/span><\/h3>\n<h3 style=\"text-align: justify\"><span style=\"color: #000000\">Solo ad una lettura profonda pu\u00f2 seguire una narrazione altrettanto reale, spessa ed efficace.<\/span><\/h3>\n<h3 style=\"text-align: justify\"><span style=\"color: #000000\">La potenza dell\u2019immaginario \u00e8 insita nel suo saper essere racconto ma allo stesso tempo proposizione; in questo modo sposta l\u2019attenzione dalla discussione a l\u2019azione.<\/span><\/h3>\n<h3 style=\"text-align: justify\"><span style=\"color: #000000\">L\u2019immaginario oggi permette di parlare e leggere il presente attraverso il completo rovesciamento dei mezzi del capitalismo e della globalizzazione che si \u00e8 sviluppata molto pi\u00f9 attraverso mezzi visuali che la parola scritta o parlata. L\u2019immaginario del potere impone una serie di immagini per plasmare scelte e comportamenti, la tendenza dell\u2019immaginario \u00e8 raccontare il presente considerando le funzioni autoriflessive della mente, la corporeit\u00e0 sensibile nel suo aprirsi e prendere posizione rispetto alla macchina globale. Il rovesciamento permette di sfruttare una situazione attuale dove mutazione delle forme comunicative e dominio delle vite e persone non hanno nessun tipo di collegamento. Il dominio eroso, eluso, distrutto, la mutazione attraversata, ascoltata, elaborata.<\/span><\/h3>\n<h3 style=\"text-align: justify\"><span style=\"color: #000000\">L\u2019improvviso formarsi di un flusso di linguaggio e corporeit\u00e0 collettiva introduce la possibilit\u00e0 di un\u2019altra temporalit\u00e0, di un altro ritmo, un\u2019altra modalit\u00e0 di relazione.\u00a0<\/span><\/h3>\n<h3 style=\"text-align: left\"><\/h3>\n<h3 style=\"text-align: left\"><a href=\"https:\/\/fucina62.noblogs.org\/files\/2013\/12\/IMG_2948.jpeg\"><img loading=\"lazy\" decoding=\"async\" class=\"alignleft wp-image-195 \" src=\"https:\/\/fucina62.noblogs.org\/files\/2013\/12\/IMG_2948-150x150.jpeg\" alt=\"IMG_2948\" width=\"151\" height=\"151\" \/><\/a><a href=\"https:\/\/fucina62.noblogs.org\/files\/2013\/12\/IMG_2947.jpeg\"><img loading=\"lazy\" decoding=\"async\" class=\"alignleft wp-image-194 size-thumbnail\" src=\"https:\/\/fucina62.noblogs.org\/files\/2013\/12\/IMG_2947-150x150.jpeg\" alt=\"IMG_2947\" width=\"150\" height=\"150\" \/><\/a><a href=\"https:\/\/fucina62.noblogs.org\/files\/2013\/12\/IMG_2944.jpeg\"><img loading=\"lazy\" decoding=\"async\" class=\"alignleft wp-image-191 size-thumbnail\" src=\"https:\/\/fucina62.noblogs.org\/files\/2013\/12\/IMG_2944-150x150.jpeg\" alt=\"IMG_2944\" width=\"150\" height=\"150\" \/><\/a><a href=\"https:\/\/fucina62.noblogs.org\/files\/2013\/12\/IMG_2941.jpeg\"><img loading=\"lazy\" decoding=\"async\" class=\"alignleft wp-image-188 size-thumbnail\" src=\"https:\/\/fucina62.noblogs.org\/files\/2013\/12\/IMG_2941-150x150.jpeg\" alt=\"IMG_2941\" width=\"150\" height=\"150\" \/><\/a><a href=\"https:\/\/fucina62.noblogs.org\/files\/2013\/12\/IMG_2940.jpeg\"><img loading=\"lazy\" decoding=\"async\" class=\"alignleft wp-image-187 size-thumbnail\" src=\"https:\/\/fucina62.noblogs.org\/files\/2013\/12\/IMG_2940-150x150.jpeg\" alt=\"IMG_2940\" width=\"150\" height=\"150\" \/><\/a><a href=\"https:\/\/fucina62.noblogs.org\/files\/2013\/12\/IMG_2939.jpeg\"><img loading=\"lazy\" decoding=\"async\" class=\"alignleft wp-image-186 size-thumbnail\" src=\"https:\/\/fucina62.noblogs.org\/files\/2013\/12\/IMG_2939-150x150.jpeg\" alt=\"IMG_2939\" width=\"150\" height=\"150\" \/><\/a><\/h3>\n<h3 style=\"text-align: left\"><a href=\"https:\/\/fucina62.noblogs.org\/files\/2013\/12\/tumblr_mip9tyXkWm1rlgwoco1_1280.jpg\"><img loading=\"lazy\" decoding=\"async\" class=\"alignleft wp-image-137 size-thumbnail\" src=\"https:\/\/fucina62.noblogs.org\/files\/2013\/12\/tumblr_mip9tyXkWm1rlgwoco1_1280-150x150.jpg\" alt=\"OLYMPUS DIGITAL CAMERA\" width=\"150\" height=\"150\" \/><\/a><\/h3>\n<h3 style=\"text-align: center\"><a href=\"https:\/\/fucina62.noblogs.org\/files\/2013\/12\/tumblr_mip9j4dCOj1rogdz4o1_1280.jpg\"><img loading=\"lazy\" decoding=\"async\" class=\"alignleft wp-image-136 size-thumbnail\" src=\"https:\/\/fucina62.noblogs.org\/files\/2013\/12\/tumblr_mip9j4dCOj1rogdz4o1_1280-150x150.jpg\" alt=\"OLYMPUS DIGITAL CAMERA\" width=\"150\" height=\"150\" \/><\/a><\/h3>\n","protected":false},"excerpt":{"rendered":"<p>All&#8217;interno dell&#8217;Infoshop c&#8217;\u00e8 uno spazio dedicato alla creazione di un&#8217;immaginario, attraverso un laboratorio di grafiche cartacee e serigrafie per magliette. Le immagini realizzate sono visibili, acquistabili o scambiabili nei giorni di apertura della Fucina. La narrazione del presente \u00e8 il metodo indispensabile di cui ci dotiamo per dare corpo all\u2019immaginario, quell\u2019insieme di rappresentazioni della realt\u00e0 [&hellip;]<\/p>\n","protected":false},"author":7625,"featured_media":0,"parent":785,"menu_order":3,"comment_status":"closed","ping_status":"closed","template":"","meta":{"footnotes":""},"class_list":["post-16","page","type-page","status-publish","hentry"],"_links":{"self":[{"href":"https:\/\/fucina62.noblogs.org\/index.php?rest_route=\/wp\/v2\/pages\/16","targetHints":{"allow":["GET"]}}],"collection":[{"href":"https:\/\/fucina62.noblogs.org\/index.php?rest_route=\/wp\/v2\/pages"}],"about":[{"href":"https:\/\/fucina62.noblogs.org\/index.php?rest_route=\/wp\/v2\/types\/page"}],"author":[{"embeddable":true,"href":"https:\/\/fucina62.noblogs.org\/index.php?rest_route=\/wp\/v2\/users\/7625"}],"replies":[{"embeddable":true,"href":"https:\/\/fucina62.noblogs.org\/index.php?rest_route=%2Fwp%2Fv2%2Fcomments&post=16"}],"version-history":[{"count":16,"href":"https:\/\/fucina62.noblogs.org\/index.php?rest_route=\/wp\/v2\/pages\/16\/revisions"}],"predecessor-version":[{"id":1325,"href":"https:\/\/fucina62.noblogs.org\/index.php?rest_route=\/wp\/v2\/pages\/16\/revisions\/1325"}],"up":[{"embeddable":true,"href":"https:\/\/fucina62.noblogs.org\/index.php?rest_route=\/wp\/v2\/pages\/785"}],"wp:attachment":[{"href":"https:\/\/fucina62.noblogs.org\/index.php?rest_route=%2Fwp%2Fv2%2Fmedia&parent=16"}],"curies":[{"name":"wp","href":"https:\/\/api.w.org\/{rel}","templated":true}]}}